{"id":1191,"date":"2022-02-14T10:13:02","date_gmt":"2022-02-14T10:13:02","guid":{"rendered":"https:\/\/vnahealth.com\/\/hipaa\/"},"modified":"2025-10-10T12:27:55","modified_gmt":"2025-10-10T17:27:55","slug":"hipaa","status":"publish","type":"page","link":"https:\/\/vnahealth.com\/es\/hipaa\/","title":{"rendered":"HIPAA"},"content":{"rendered":"<p>Solicitarnos que<br \/>\nlimitemos lo<br \/>\nque utilizamos o<br \/>\ncompartimos<\/p>\n","protected":false},"excerpt":{"rendered":"<p>Solicitarnos que limitemos lo que utilizamos o compartimos<\/p>\n","protected":false},"author":7,"featured_media":0,"parent":0,"menu_order":0,"comment_status":"closed","ping_status":"closed","template":"","meta":{"_acf_changed":false,"_price":"","_stock":"","_tribe_ticket_header":"","_tribe_default_ticket_provider":"","_tribe_ticket_capacity":"0","_ticket_start_date":"","_ticket_end_date":"","_tribe_ticket_show_description":"","_tribe_ticket_show_not_going":false,"_tribe_ticket_use_global_stock":"","_tribe_ticket_global_stock_level":"","_global_stock_mode":"","_global_stock_cap":"","_tribe_rsvp_for_event":"","_tribe_ticket_going_count":"","_tribe_ticket_not_going_count":"","_tribe_tickets_list":"[]","_tribe_ticket_has_attendee_info_fields":false,"footnotes":"","_tec_slr_enabled":"","_tec_slr_layout":""},"class_list":["post-1191","page","type-page","status-publish","hentry"],"acf":[],"yoast_head":"<!-- This site is optimized with the Yoast SEO plugin v27.2 - https:\/\/yoast.com\/product\/yoast-seo-wordpress\/ -->\n<title>Protecci\u00f3n de Datos de Salud Y Normas HIPAA | VNA Health Care<\/title>\n<meta name=\"description\" content=\"VNA Health Care protege la privacidad de la informaci\u00f3n sobre su salud. Aprenda m\u00e1s sobre c\u00f3mo cumplimos la normativa HIPAA.\" \/>\n<meta name=\"robots\" content=\"index, follow, max-snippet:-1, max-image-preview:large, max-video-preview:-1\" \/>\n<link rel=\"canonical\" href=\"https:\/\/vnahealth.com\/es\/hipaa\/\" \/>\n<meta property=\"og:locale\" content=\"es_ES\" \/>\n<meta property=\"og:type\" content=\"article\" \/>\n<meta property=\"og:title\" content=\"Protecci\u00f3n de Datos de Salud Y Normas HIPAA | VNA Health Care\" \/>\n<meta property=\"og:description\" content=\"VNA Health Care protege la privacidad de la informaci\u00f3n sobre su salud. Aprenda m\u00e1s sobre c\u00f3mo cumplimos la normativa HIPAA.\" \/>\n<meta property=\"og:url\" content=\"https:\/\/vnahealth.com\/es\/hipaa\/\" \/>\n<meta property=\"og:site_name\" content=\"VNA Health Care\" \/>\n<meta property=\"article:modified_time\" content=\"2025-10-10T17:27:55+00:00\" \/>\n<meta name=\"twitter:card\" content=\"summary_large_image\" \/>\n<script type=\"application\/ld+json\" class=\"yoast-schema-graph\">{\"@context\":\"https:\/\/schema.org\",\"@graph\":[{\"@type\":\"WebPage\",\"@id\":\"https:\/\/vnahealth.com\/es\/hipaa\/\",\"url\":\"https:\/\/vnahealth.com\/es\/hipaa\/\",\"name\":\"Protecci\u00f3n de Datos de Salud Y Normas HIPAA | VNA Health Care\",\"isPartOf\":{\"@id\":\"https:\/\/vnahealth.com\/es\/#website\"},\"datePublished\":\"2022-02-14T10:13:02+00:00\",\"dateModified\":\"2025-10-10T17:27:55+00:00\",\"description\":\"VNA Health Care protege la privacidad de la informaci\u00f3n sobre su salud. Aprenda m\u00e1s sobre c\u00f3mo cumplimos la normativa HIPAA.\",\"breadcrumb\":{\"@id\":\"https:\/\/vnahealth.com\/es\/hipaa\/#breadcrumb\"},\"inLanguage\":\"es\",\"potentialAction\":[{\"@type\":\"ReadAction\",\"target\":[\"https:\/\/vnahealth.com\/es\/hipaa\/\"]}]},{\"@type\":\"BreadcrumbList\",\"@id\":\"https:\/\/vnahealth.com\/es\/hipaa\/#breadcrumb\",\"itemListElement\":[{\"@type\":\"ListItem\",\"position\":1,\"name\":\"Home\",\"item\":\"https:\/\/vnahealth.com\/es\/\"},{\"@type\":\"ListItem\",\"position\":2,\"name\":\"HIPAA\"}]},{\"@type\":\"WebSite\",\"@id\":\"https:\/\/vnahealth.com\/es\/#website\",\"url\":\"https:\/\/vnahealth.com\/es\/\",\"name\":\"VNA Health Care\",\"description\":\"\",\"publisher\":{\"@id\":\"https:\/\/vnahealth.com\/es\/#organization\"},\"potentialAction\":[{\"@type\":\"SearchAction\",\"target\":{\"@type\":\"EntryPoint\",\"urlTemplate\":\"https:\/\/vnahealth.com\/es\/?s={search_term_string}\"},\"query-input\":{\"@type\":\"PropertyValueSpecification\",\"valueRequired\":true,\"valueName\":\"search_term_string\"}}],\"inLanguage\":\"es\"},{\"@type\":\"Organization\",\"@id\":\"https:\/\/vnahealth.com\/es\/#organization\",\"name\":\"VNA Health Care\",\"url\":\"https:\/\/vnahealth.com\/es\/\",\"logo\":{\"@type\":\"ImageObject\",\"inLanguage\":\"es\",\"@id\":\"https:\/\/vnahealth.com\/es\/#\/schema\/logo\/image\/\",\"url\":\"https:\/\/vnahealth.com\/wp-content\/uploads\/2021\/12\/Logo.svg\",\"contentUrl\":\"https:\/\/vnahealth.com\/wp-content\/uploads\/2021\/12\/Logo.svg\",\"width\":218,\"height\":45,\"caption\":\"VNA Health Care\"},\"image\":{\"@id\":\"https:\/\/vnahealth.com\/es\/#\/schema\/logo\/image\/\"}}]}<\/script>\n<!-- \/ Yoast SEO plugin. -->","yoast_head_json":{"title":"Protecci\u00f3n de Datos de Salud Y Normas HIPAA | VNA Health Care","description":"VNA Health Care protege la privacidad de la informaci\u00f3n sobre su salud. Aprenda m\u00e1s sobre c\u00f3mo cumplimos la normativa HIPAA.","robots":{"index":"index","follow":"follow","max-snippet":"max-snippet:-1","max-image-preview":"max-image-preview:large","max-video-preview":"max-video-preview:-1"},"canonical":"https:\/\/vnahealth.com\/es\/hipaa\/","og_locale":"es_ES","og_type":"article","og_title":"Protecci\u00f3n de Datos de Salud Y Normas HIPAA | VNA Health Care","og_description":"VNA Health Care protege la privacidad de la informaci\u00f3n sobre su salud. Aprenda m\u00e1s sobre c\u00f3mo cumplimos la normativa HIPAA.","og_url":"https:\/\/vnahealth.com\/es\/hipaa\/","og_site_name":"VNA Health Care","article_modified_time":"2025-10-10T17:27:55+00:00","twitter_card":"summary_large_image","schema":{"@context":"https:\/\/schema.org","@graph":[{"@type":"WebPage","@id":"https:\/\/vnahealth.com\/es\/hipaa\/","url":"https:\/\/vnahealth.com\/es\/hipaa\/","name":"Protecci\u00f3n de Datos de Salud Y Normas HIPAA | VNA Health Care","isPartOf":{"@id":"https:\/\/vnahealth.com\/es\/#website"},"datePublished":"2022-02-14T10:13:02+00:00","dateModified":"2025-10-10T17:27:55+00:00","description":"VNA Health Care protege la privacidad de la informaci\u00f3n sobre su salud. Aprenda m\u00e1s sobre c\u00f3mo cumplimos la normativa HIPAA.","breadcrumb":{"@id":"https:\/\/vnahealth.com\/es\/hipaa\/#breadcrumb"},"inLanguage":"es","potentialAction":[{"@type":"ReadAction","target":["https:\/\/vnahealth.com\/es\/hipaa\/"]}]},{"@type":"BreadcrumbList","@id":"https:\/\/vnahealth.com\/es\/hipaa\/#breadcrumb","itemListElement":[{"@type":"ListItem","position":1,"name":"Home","item":"https:\/\/vnahealth.com\/es\/"},{"@type":"ListItem","position":2,"name":"HIPAA"}]},{"@type":"WebSite","@id":"https:\/\/vnahealth.com\/es\/#website","url":"https:\/\/vnahealth.com\/es\/","name":"VNA Health Care","description":"","publisher":{"@id":"https:\/\/vnahealth.com\/es\/#organization"},"potentialAction":[{"@type":"SearchAction","target":{"@type":"EntryPoint","urlTemplate":"https:\/\/vnahealth.com\/es\/?s={search_term_string}"},"query-input":{"@type":"PropertyValueSpecification","valueRequired":true,"valueName":"search_term_string"}}],"inLanguage":"es"},{"@type":"Organization","@id":"https:\/\/vnahealth.com\/es\/#organization","name":"VNA Health Care","url":"https:\/\/vnahealth.com\/es\/","logo":{"@type":"ImageObject","inLanguage":"es","@id":"https:\/\/vnahealth.com\/es\/#\/schema\/logo\/image\/","url":"https:\/\/vnahealth.com\/wp-content\/uploads\/2021\/12\/Logo.svg","contentUrl":"https:\/\/vnahealth.com\/wp-content\/uploads\/2021\/12\/Logo.svg","width":218,"height":45,"caption":"VNA Health Care"},"image":{"@id":"https:\/\/vnahealth.com\/es\/#\/schema\/logo\/image\/"}}]}},"ticketed":false,"_links":{"self":[{"href":"https:\/\/vnahealth.com\/es\/wp-json\/wp\/v2\/pages\/1191","targetHints":{"allow":["GET"]}}],"collection":[{"href":"https:\/\/vnahealth.com\/es\/wp-json\/wp\/v2\/pages"}],"about":[{"href":"https:\/\/vnahealth.com\/es\/wp-json\/wp\/v2\/types\/page"}],"author":[{"embeddable":true,"href":"https:\/\/vnahealth.com\/es\/wp-json\/wp\/v2\/users\/7"}],"replies":[{"embeddable":true,"href":"https:\/\/vnahealth.com\/es\/wp-json\/wp\/v2\/comments?post=1191"}],"version-history":[{"count":4,"href":"https:\/\/vnahealth.com\/es\/wp-json\/wp\/v2\/pages\/1191\/revisions"}],"predecessor-version":[{"id":36395,"href":"https:\/\/vnahealth.com\/es\/wp-json\/wp\/v2\/pages\/1191\/revisions\/36395"}],"wp:attachment":[{"href":"https:\/\/vnahealth.com\/es\/wp-json\/wp\/v2\/media?parent=1191"}],"curies":[{"name":"wp","href":"https:\/\/api.w.org\/{rel}","templated":true}]}}