{"id":1193,"date":"2022-02-14T10:41:41","date_gmt":"2022-02-14T10:41:41","guid":{"rendered":"https:\/\/vnahealth.com\/\/how-to-use-myvna\/"},"modified":"2025-10-10T09:45:55","modified_gmt":"2025-10-10T14:45:55","slug":"how-to-use-myvna","status":"publish","type":"page","link":"https:\/\/vnahealth.com\/es\/how-to-use-myvna\/","title":{"rendered":"How to use MyVNA"},"content":{"rendered":"","protected":false},"excerpt":{"rendered":"","protected":false},"author":7,"featured_media":28214,"parent":0,"menu_order":0,"comment_status":"closed","ping_status":"closed","template":"","meta":{"_acf_changed":false,"_price":"","_stock":"","_tribe_ticket_header":"","_tribe_default_ticket_provider":"","_tribe_ticket_capacity":"0","_ticket_start_date":"","_ticket_end_date":"","_tribe_ticket_show_description":"","_tribe_ticket_show_not_going":false,"_tribe_ticket_use_global_stock":"","_tribe_ticket_global_stock_level":"","_global_stock_mode":"","_global_stock_cap":"","_tribe_rsvp_for_event":"","_tribe_ticket_going_count":"","_tribe_ticket_not_going_count":"","_tribe_tickets_list":"[]","_tribe_ticket_has_attendee_info_fields":false,"footnotes":"","_tec_slr_enabled":"","_tec_slr_layout":""},"class_list":["post-1193","page","type-page","status-publish","has-post-thumbnail","hentry"],"acf":[],"yoast_head":"<!-- This site is optimized with the Yoast SEO plugin v27.2 - https:\/\/yoast.com\/product\/yoast-seo-wordpress\/ -->\n<title>C\u00f3mo usar el registro MyVNA | VNA Health Care<\/title>\n<meta name=\"description\" content=\"Haga clic aqu\u00ed para obtener m\u00e1s informaci\u00f3n sobre c\u00f3mo usar nuestra nueva funci\u00f3n MyVNA Record para almacenar y compartir su informaci\u00f3n de salud de forma r\u00e1pida y sencilla en VNA Health Care.\" \/>\n<meta name=\"robots\" content=\"index, follow, max-snippet:-1, max-image-preview:large, max-video-preview:-1\" \/>\n<link rel=\"canonical\" href=\"https:\/\/vnahealth.com\/es\/how-to-use-myvna\/\" \/>\n<meta property=\"og:locale\" content=\"es_ES\" \/>\n<meta property=\"og:type\" content=\"article\" \/>\n<meta property=\"og:title\" content=\"C\u00f3mo usar el registro MyVNA | VNA Health Care\" \/>\n<meta property=\"og:description\" content=\"Haga clic aqu\u00ed para obtener m\u00e1s informaci\u00f3n sobre c\u00f3mo usar nuestra nueva funci\u00f3n MyVNA Record para almacenar y compartir su informaci\u00f3n de salud de forma r\u00e1pida y sencilla en VNA Health Care.\" \/>\n<meta property=\"og:url\" content=\"https:\/\/vnahealth.com\/es\/how-to-use-myvna\/\" \/>\n<meta property=\"og:site_name\" content=\"VNA Health Care\" \/>\n<meta property=\"article:modified_time\" content=\"2025-10-10T14:45:55+00:00\" \/>\n<meta property=\"og:image\" content=\"https:\/\/vnahealth.com\/wp-content\/uploads\/2022\/10\/edited-myVNA.png\" \/>\n\t<meta property=\"og:image:width\" content=\"177\" \/>\n\t<meta property=\"og:image:height\" content=\"88\" \/>\n\t<meta property=\"og:image:type\" content=\"image\/png\" \/>\n<meta name=\"twitter:card\" content=\"summary_large_image\" \/>\n<script type=\"application\/ld+json\" class=\"yoast-schema-graph\">{\"@context\":\"https:\/\/schema.org\",\"@graph\":[{\"@type\":\"WebPage\",\"@id\":\"https:\/\/vnahealth.com\/es\/how-to-use-myvna\/\",\"url\":\"https:\/\/vnahealth.com\/es\/how-to-use-myvna\/\",\"name\":\"C\u00f3mo usar el registro MyVNA | VNA Health Care\",\"isPartOf\":{\"@id\":\"https:\/\/vnahealth.com\/es\/#website\"},\"primaryImageOfPage\":{\"@id\":\"https:\/\/vnahealth.com\/es\/how-to-use-myvna\/#primaryimage\"},\"image\":{\"@id\":\"https:\/\/vnahealth.com\/es\/how-to-use-myvna\/#primaryimage\"},\"thumbnailUrl\":\"https:\/\/vnahealth.com\/wp-content\/uploads\/2022\/10\/edited-myVNA.png\",\"datePublished\":\"2022-02-14T10:41:41+00:00\",\"dateModified\":\"2025-10-10T14:45:55+00:00\",\"description\":\"Haga clic aqu\u00ed para obtener m\u00e1s informaci\u00f3n sobre c\u00f3mo usar nuestra nueva funci\u00f3n MyVNA Record para almacenar y compartir su informaci\u00f3n de salud de forma r\u00e1pida y sencilla en VNA Health Care.\",\"breadcrumb\":{\"@id\":\"https:\/\/vnahealth.com\/es\/how-to-use-myvna\/#breadcrumb\"},\"inLanguage\":\"es\",\"potentialAction\":[{\"@type\":\"ReadAction\",\"target\":[\"https:\/\/vnahealth.com\/es\/how-to-use-myvna\/\"]}]},{\"@type\":\"ImageObject\",\"inLanguage\":\"es\",\"@id\":\"https:\/\/vnahealth.com\/es\/how-to-use-myvna\/#primaryimage\",\"url\":\"https:\/\/vnahealth.com\/wp-content\/uploads\/2022\/10\/edited-myVNA.png\",\"contentUrl\":\"https:\/\/vnahealth.com\/wp-content\/uploads\/2022\/10\/edited-myVNA.png\",\"width\":177,\"height\":88,\"caption\":\"MyVNA\"},{\"@type\":\"BreadcrumbList\",\"@id\":\"https:\/\/vnahealth.com\/es\/how-to-use-myvna\/#breadcrumb\",\"itemListElement\":[{\"@type\":\"ListItem\",\"position\":1,\"name\":\"Home\",\"item\":\"https:\/\/vnahealth.com\/es\/\"},{\"@type\":\"ListItem\",\"position\":2,\"name\":\"How to use MyVNA\"}]},{\"@type\":\"WebSite\",\"@id\":\"https:\/\/vnahealth.com\/es\/#website\",\"url\":\"https:\/\/vnahealth.com\/es\/\",\"name\":\"VNA Health Care\",\"description\":\"\",\"publisher\":{\"@id\":\"https:\/\/vnahealth.com\/es\/#organization\"},\"potentialAction\":[{\"@type\":\"SearchAction\",\"target\":{\"@type\":\"EntryPoint\",\"urlTemplate\":\"https:\/\/vnahealth.com\/es\/?s={search_term_string}\"},\"query-input\":{\"@type\":\"PropertyValueSpecification\",\"valueRequired\":true,\"valueName\":\"search_term_string\"}}],\"inLanguage\":\"es\"},{\"@type\":\"Organization\",\"@id\":\"https:\/\/vnahealth.com\/es\/#organization\",\"name\":\"VNA Health Care\",\"url\":\"https:\/\/vnahealth.com\/es\/\",\"logo\":{\"@type\":\"ImageObject\",\"inLanguage\":\"es\",\"@id\":\"https:\/\/vnahealth.com\/es\/#\/schema\/logo\/image\/\",\"url\":\"https:\/\/vnahealth.com\/wp-content\/uploads\/2021\/12\/Logo.svg\",\"contentUrl\":\"https:\/\/vnahealth.com\/wp-content\/uploads\/2021\/12\/Logo.svg\",\"width\":218,\"height\":45,\"caption\":\"VNA Health Care\"},\"image\":{\"@id\":\"https:\/\/vnahealth.com\/es\/#\/schema\/logo\/image\/\"}}]}<\/script>\n<!-- \/ Yoast SEO plugin. -->","yoast_head_json":{"title":"C\u00f3mo usar el registro MyVNA | VNA Health Care","description":"Haga clic aqu\u00ed para obtener m\u00e1s informaci\u00f3n sobre c\u00f3mo usar nuestra nueva funci\u00f3n MyVNA Record para almacenar y compartir su informaci\u00f3n de salud de forma r\u00e1pida y sencilla en VNA Health Care.","robots":{"index":"index","follow":"follow","max-snippet":"max-snippet:-1","max-image-preview":"max-image-preview:large","max-video-preview":"max-video-preview:-1"},"canonical":"https:\/\/vnahealth.com\/es\/how-to-use-myvna\/","og_locale":"es_ES","og_type":"article","og_title":"C\u00f3mo usar el registro MyVNA | VNA Health Care","og_description":"Haga clic aqu\u00ed para obtener m\u00e1s informaci\u00f3n sobre c\u00f3mo usar nuestra nueva funci\u00f3n MyVNA Record para almacenar y compartir su informaci\u00f3n de salud de forma r\u00e1pida y sencilla en VNA Health Care.","og_url":"https:\/\/vnahealth.com\/es\/how-to-use-myvna\/","og_site_name":"VNA Health Care","article_modified_time":"2025-10-10T14:45:55+00:00","og_image":[{"width":177,"height":88,"url":"https:\/\/vnahealth.com\/wp-content\/uploads\/2022\/10\/edited-myVNA.png","type":"image\/png"}],"twitter_card":"summary_large_image","schema":{"@context":"https:\/\/schema.org","@graph":[{"@type":"WebPage","@id":"https:\/\/vnahealth.com\/es\/how-to-use-myvna\/","url":"https:\/\/vnahealth.com\/es\/how-to-use-myvna\/","name":"C\u00f3mo usar el registro MyVNA | VNA Health Care","isPartOf":{"@id":"https:\/\/vnahealth.com\/es\/#website"},"primaryImageOfPage":{"@id":"https:\/\/vnahealth.com\/es\/how-to-use-myvna\/#primaryimage"},"image":{"@id":"https:\/\/vnahealth.com\/es\/how-to-use-myvna\/#primaryimage"},"thumbnailUrl":"https:\/\/vnahealth.com\/wp-content\/uploads\/2022\/10\/edited-myVNA.png","datePublished":"2022-02-14T10:41:41+00:00","dateModified":"2025-10-10T14:45:55+00:00","description":"Haga clic aqu\u00ed para obtener m\u00e1s informaci\u00f3n sobre c\u00f3mo usar nuestra nueva funci\u00f3n MyVNA Record para almacenar y compartir su informaci\u00f3n de salud de forma r\u00e1pida y sencilla en VNA Health Care.","breadcrumb":{"@id":"https:\/\/vnahealth.com\/es\/how-to-use-myvna\/#breadcrumb"},"inLanguage":"es","potentialAction":[{"@type":"ReadAction","target":["https:\/\/vnahealth.com\/es\/how-to-use-myvna\/"]}]},{"@type":"ImageObject","inLanguage":"es","@id":"https:\/\/vnahealth.com\/es\/how-to-use-myvna\/#primaryimage","url":"https:\/\/vnahealth.com\/wp-content\/uploads\/2022\/10\/edited-myVNA.png","contentUrl":"https:\/\/vnahealth.com\/wp-content\/uploads\/2022\/10\/edited-myVNA.png","width":177,"height":88,"caption":"MyVNA"},{"@type":"BreadcrumbList","@id":"https:\/\/vnahealth.com\/es\/how-to-use-myvna\/#breadcrumb","itemListElement":[{"@type":"ListItem","position":1,"name":"Home","item":"https:\/\/vnahealth.com\/es\/"},{"@type":"ListItem","position":2,"name":"How to use MyVNA"}]},{"@type":"WebSite","@id":"https:\/\/vnahealth.com\/es\/#website","url":"https:\/\/vnahealth.com\/es\/","name":"VNA Health Care","description":"","publisher":{"@id":"https:\/\/vnahealth.com\/es\/#organization"},"potentialAction":[{"@type":"SearchAction","target":{"@type":"EntryPoint","urlTemplate":"https:\/\/vnahealth.com\/es\/?s={search_term_string}"},"query-input":{"@type":"PropertyValueSpecification","valueRequired":true,"valueName":"search_term_string"}}],"inLanguage":"es"},{"@type":"Organization","@id":"https:\/\/vnahealth.com\/es\/#organization","name":"VNA Health Care","url":"https:\/\/vnahealth.com\/es\/","logo":{"@type":"ImageObject","inLanguage":"es","@id":"https:\/\/vnahealth.com\/es\/#\/schema\/logo\/image\/","url":"https:\/\/vnahealth.com\/wp-content\/uploads\/2021\/12\/Logo.svg","contentUrl":"https:\/\/vnahealth.com\/wp-content\/uploads\/2021\/12\/Logo.svg","width":218,"height":45,"caption":"VNA Health Care"},"image":{"@id":"https:\/\/vnahealth.com\/es\/#\/schema\/logo\/image\/"}}]}},"ticketed":false,"_links":{"self":[{"href":"https:\/\/vnahealth.com\/es\/wp-json\/wp\/v2\/pages\/1193","targetHints":{"allow":["GET"]}}],"collection":[{"href":"https:\/\/vnahealth.com\/es\/wp-json\/wp\/v2\/pages"}],"about":[{"href":"https:\/\/vnahealth.com\/es\/wp-json\/wp\/v2\/types\/page"}],"author":[{"embeddable":true,"href":"https:\/\/vnahealth.com\/es\/wp-json\/wp\/v2\/users\/7"}],"replies":[{"embeddable":true,"href":"https:\/\/vnahealth.com\/es\/wp-json\/wp\/v2\/comments?post=1193"}],"version-history":[{"count":2,"href":"https:\/\/vnahealth.com\/es\/wp-json\/wp\/v2\/pages\/1193\/revisions"}],"predecessor-version":[{"id":36388,"href":"https:\/\/vnahealth.com\/es\/wp-json\/wp\/v2\/pages\/1193\/revisions\/36388"}],"wp:featuredmedia":[{"embeddable":true,"href":"https:\/\/vnahealth.com\/es\/wp-json\/wp\/v2\/media\/28214"}],"wp:attachment":[{"href":"https:\/\/vnahealth.com\/es\/wp-json\/wp\/v2\/media?parent=1193"}],"curies":[{"name":"wp","href":"https:\/\/api.w.org\/{rel}","templated":true}]}}