{"id":24895,"date":"2022-02-17T06:51:44","date_gmt":"2022-02-17T06:51:44","guid":{"rendered":"https:\/\/vnahealth.com\/\/about-us\/media\/"},"modified":"2026-01-13T12:47:08","modified_gmt":"2026-01-13T18:47:08","slug":"media","status":"publish","type":"page","link":"https:\/\/vnahealth.com\/es\/about-us\/media\/","title":{"rendered":"Medios De Comunicaci\u00f3n"},"content":{"rendered":"","protected":false},"excerpt":{"rendered":"","protected":false},"author":7,"featured_media":0,"parent":24008,"menu_order":0,"comment_status":"closed","ping_status":"closed","template":"","meta":{"_acf_changed":false,"_price":"","_stock":"","_tribe_ticket_header":"","_tribe_default_ticket_provider":"","_tribe_ticket_capacity":"0","_ticket_start_date":"","_ticket_end_date":"","_tribe_ticket_show_description":"","_tribe_ticket_show_not_going":false,"_tribe_ticket_use_global_stock":"","_tribe_ticket_global_stock_level":"","_global_stock_mode":"","_global_stock_cap":"","_tribe_rsvp_for_event":"","_tribe_ticket_going_count":"","_tribe_ticket_not_going_count":"","_tribe_tickets_list":"[]","_tribe_ticket_has_attendee_info_fields":false,"footnotes":"","_tec_slr_enabled":"","_tec_slr_layout":""},"class_list":["post-24895","page","type-page","status-publish","hentry"],"acf":[],"yoast_head":"<!-- This site is optimized with the Yoast SEO plugin v27.2 - https:\/\/yoast.com\/product\/yoast-seo-wordpress\/ -->\n<title>Medios De Comunicaci\u00f3n | VNA Health Care<\/title>\n<meta name=\"description\" content=\"VNA Health Care ofrece servicios de salud de alta calidad, desde atenci\u00f3n m\u00e9dica hasta recursos para pacientes. Mant\u00e9ngase al d\u00eda con comunicados de prensa y eventos. \u00a1Llame hoy al (630) 526-7952!\" \/>\n<meta name=\"robots\" content=\"index, follow, max-snippet:-1, max-image-preview:large, max-video-preview:-1\" \/>\n<link rel=\"canonical\" href=\"https:\/\/vnahealth.com\/es\/about-us\/media\/\" \/>\n<meta property=\"og:locale\" content=\"es_ES\" \/>\n<meta property=\"og:type\" content=\"article\" \/>\n<meta property=\"og:title\" content=\"Medios De Comunicaci\u00f3n | VNA Health Care\" \/>\n<meta property=\"og:description\" content=\"VNA Health Care ofrece servicios de salud de alta calidad, desde atenci\u00f3n m\u00e9dica hasta recursos para pacientes. Mant\u00e9ngase al d\u00eda con comunicados de prensa y eventos. \u00a1Llame hoy al (630) 526-7952!\" \/>\n<meta property=\"og:url\" content=\"https:\/\/vnahealth.com\/es\/about-us\/media\/\" \/>\n<meta property=\"og:site_name\" content=\"VNA Health Care\" \/>\n<meta property=\"article:modified_time\" content=\"2026-01-13T18:47:08+00:00\" \/>\n<meta name=\"twitter:card\" content=\"summary_large_image\" \/>\n<script type=\"application\/ld+json\" class=\"yoast-schema-graph\">{\"@context\":\"https:\/\/schema.org\",\"@graph\":[{\"@type\":\"WebPage\",\"@id\":\"https:\/\/vnahealth.com\/es\/about-us\/media\/\",\"url\":\"https:\/\/vnahealth.com\/es\/about-us\/media\/\",\"name\":\"Medios De Comunicaci\u00f3n | VNA Health Care\",\"isPartOf\":{\"@id\":\"https:\/\/vnahealth.com\/es\/#website\"},\"datePublished\":\"2022-02-17T06:51:44+00:00\",\"dateModified\":\"2026-01-13T18:47:08+00:00\",\"description\":\"VNA Health Care ofrece servicios de salud de alta calidad, desde atenci\u00f3n m\u00e9dica hasta recursos para pacientes. Mant\u00e9ngase al d\u00eda con comunicados de prensa y eventos. \u00a1Llame hoy al (630) 526-7952!\",\"breadcrumb\":{\"@id\":\"https:\/\/vnahealth.com\/es\/about-us\/media\/#breadcrumb\"},\"inLanguage\":\"es\",\"potentialAction\":[{\"@type\":\"ReadAction\",\"target\":[\"https:\/\/vnahealth.com\/es\/about-us\/media\/\"]}]},{\"@type\":\"BreadcrumbList\",\"@id\":\"https:\/\/vnahealth.com\/es\/about-us\/media\/#breadcrumb\",\"itemListElement\":[{\"@type\":\"ListItem\",\"position\":1,\"name\":\"Home\",\"item\":\"https:\/\/vnahealth.com\/es\/\"},{\"@type\":\"ListItem\",\"position\":2,\"name\":\"Sobre nosotros\",\"item\":\"https:\/\/vnahealth.com\/es\/about-us\/\"},{\"@type\":\"ListItem\",\"position\":3,\"name\":\"Medios De Comunicaci\u00f3n\"}]},{\"@type\":\"WebSite\",\"@id\":\"https:\/\/vnahealth.com\/es\/#website\",\"url\":\"https:\/\/vnahealth.com\/es\/\",\"name\":\"VNA Health Care\",\"description\":\"\",\"publisher\":{\"@id\":\"https:\/\/vnahealth.com\/es\/#organization\"},\"potentialAction\":[{\"@type\":\"SearchAction\",\"target\":{\"@type\":\"EntryPoint\",\"urlTemplate\":\"https:\/\/vnahealth.com\/es\/?s={search_term_string}\"},\"query-input\":{\"@type\":\"PropertyValueSpecification\",\"valueRequired\":true,\"valueName\":\"search_term_string\"}}],\"inLanguage\":\"es\"},{\"@type\":\"Organization\",\"@id\":\"https:\/\/vnahealth.com\/es\/#organization\",\"name\":\"VNA Health Care\",\"url\":\"https:\/\/vnahealth.com\/es\/\",\"logo\":{\"@type\":\"ImageObject\",\"inLanguage\":\"es\",\"@id\":\"https:\/\/vnahealth.com\/es\/#\/schema\/logo\/image\/\",\"url\":\"https:\/\/vnahealth.com\/wp-content\/uploads\/2021\/12\/Logo.svg\",\"contentUrl\":\"https:\/\/vnahealth.com\/wp-content\/uploads\/2021\/12\/Logo.svg\",\"width\":218,\"height\":45,\"caption\":\"VNA Health Care\"},\"image\":{\"@id\":\"https:\/\/vnahealth.com\/es\/#\/schema\/logo\/image\/\"}}]}<\/script>\n<!-- \/ Yoast SEO plugin. -->","yoast_head_json":{"title":"Medios De Comunicaci\u00f3n | VNA Health Care","description":"VNA Health Care ofrece servicios de salud de alta calidad, desde atenci\u00f3n m\u00e9dica hasta recursos para pacientes. Mant\u00e9ngase al d\u00eda con comunicados de prensa y eventos. \u00a1Llame hoy al (630) 526-7952!","robots":{"index":"index","follow":"follow","max-snippet":"max-snippet:-1","max-image-preview":"max-image-preview:large","max-video-preview":"max-video-preview:-1"},"canonical":"https:\/\/vnahealth.com\/es\/about-us\/media\/","og_locale":"es_ES","og_type":"article","og_title":"Medios De Comunicaci\u00f3n | VNA Health Care","og_description":"VNA Health Care ofrece servicios de salud de alta calidad, desde atenci\u00f3n m\u00e9dica hasta recursos para pacientes. Mant\u00e9ngase al d\u00eda con comunicados de prensa y eventos. \u00a1Llame hoy al (630) 526-7952!","og_url":"https:\/\/vnahealth.com\/es\/about-us\/media\/","og_site_name":"VNA Health Care","article_modified_time":"2026-01-13T18:47:08+00:00","twitter_card":"summary_large_image","schema":{"@context":"https:\/\/schema.org","@graph":[{"@type":"WebPage","@id":"https:\/\/vnahealth.com\/es\/about-us\/media\/","url":"https:\/\/vnahealth.com\/es\/about-us\/media\/","name":"Medios De Comunicaci\u00f3n | VNA Health Care","isPartOf":{"@id":"https:\/\/vnahealth.com\/es\/#website"},"datePublished":"2022-02-17T06:51:44+00:00","dateModified":"2026-01-13T18:47:08+00:00","description":"VNA Health Care ofrece servicios de salud de alta calidad, desde atenci\u00f3n m\u00e9dica hasta recursos para pacientes. Mant\u00e9ngase al d\u00eda con comunicados de prensa y eventos. \u00a1Llame hoy al (630) 526-7952!","breadcrumb":{"@id":"https:\/\/vnahealth.com\/es\/about-us\/media\/#breadcrumb"},"inLanguage":"es","potentialAction":[{"@type":"ReadAction","target":["https:\/\/vnahealth.com\/es\/about-us\/media\/"]}]},{"@type":"BreadcrumbList","@id":"https:\/\/vnahealth.com\/es\/about-us\/media\/#breadcrumb","itemListElement":[{"@type":"ListItem","position":1,"name":"Home","item":"https:\/\/vnahealth.com\/es\/"},{"@type":"ListItem","position":2,"name":"Sobre nosotros","item":"https:\/\/vnahealth.com\/es\/about-us\/"},{"@type":"ListItem","position":3,"name":"Medios De Comunicaci\u00f3n"}]},{"@type":"WebSite","@id":"https:\/\/vnahealth.com\/es\/#website","url":"https:\/\/vnahealth.com\/es\/","name":"VNA Health Care","description":"","publisher":{"@id":"https:\/\/vnahealth.com\/es\/#organization"},"potentialAction":[{"@type":"SearchAction","target":{"@type":"EntryPoint","urlTemplate":"https:\/\/vnahealth.com\/es\/?s={search_term_string}"},"query-input":{"@type":"PropertyValueSpecification","valueRequired":true,"valueName":"search_term_string"}}],"inLanguage":"es"},{"@type":"Organization","@id":"https:\/\/vnahealth.com\/es\/#organization","name":"VNA Health Care","url":"https:\/\/vnahealth.com\/es\/","logo":{"@type":"ImageObject","inLanguage":"es","@id":"https:\/\/vnahealth.com\/es\/#\/schema\/logo\/image\/","url":"https:\/\/vnahealth.com\/wp-content\/uploads\/2021\/12\/Logo.svg","contentUrl":"https:\/\/vnahealth.com\/wp-content\/uploads\/2021\/12\/Logo.svg","width":218,"height":45,"caption":"VNA Health Care"},"image":{"@id":"https:\/\/vnahealth.com\/es\/#\/schema\/logo\/image\/"}}]}},"ticketed":false,"_links":{"self":[{"href":"https:\/\/vnahealth.com\/es\/wp-json\/wp\/v2\/pages\/24895","targetHints":{"allow":["GET"]}}],"collection":[{"href":"https:\/\/vnahealth.com\/es\/wp-json\/wp\/v2\/pages"}],"about":[{"href":"https:\/\/vnahealth.com\/es\/wp-json\/wp\/v2\/types\/page"}],"author":[{"embeddable":true,"href":"https:\/\/vnahealth.com\/es\/wp-json\/wp\/v2\/users\/7"}],"replies":[{"embeddable":true,"href":"https:\/\/vnahealth.com\/es\/wp-json\/wp\/v2\/comments?post=24895"}],"version-history":[{"count":3,"href":"https:\/\/vnahealth.com\/es\/wp-json\/wp\/v2\/pages\/24895\/revisions"}],"predecessor-version":[{"id":37787,"href":"https:\/\/vnahealth.com\/es\/wp-json\/wp\/v2\/pages\/24895\/revisions\/37787"}],"up":[{"embeddable":true,"href":"https:\/\/vnahealth.com\/es\/wp-json\/wp\/v2\/pages\/24008"}],"wp:attachment":[{"href":"https:\/\/vnahealth.com\/es\/wp-json\/wp\/v2\/media?parent=24895"}],"curies":[{"name":"wp","href":"https:\/\/api.w.org\/{rel}","templated":true}]}}