{"id":31089,"date":"2023-10-03T04:27:50","date_gmt":"2023-10-03T09:27:50","guid":{"rendered":"https:\/\/vnahealth.com\/\/services\/make-an-appointment\/"},"modified":"2026-03-30T12:08:35","modified_gmt":"2026-03-30T17:08:35","slug":"schedule","status":"publish","type":"page","link":"https:\/\/vnahealth.com\/es\/schedule\/","title":{"rendered":"Reserve una cita"},"content":{"rendered":"","protected":false},"excerpt":{"rendered":"","protected":false},"author":21,"featured_media":0,"parent":0,"menu_order":0,"comment_status":"closed","ping_status":"closed","template":"","meta":{"_acf_changed":false,"_price":"","_stock":"","_tribe_ticket_header":"","_tribe_default_ticket_provider":"","_tribe_ticket_capacity":"0","_ticket_start_date":"","_ticket_end_date":"","_tribe_ticket_show_description":"","_tribe_ticket_show_not_going":false,"_tribe_ticket_use_global_stock":"","_tribe_ticket_global_stock_level":"","_global_stock_mode":"","_global_stock_cap":"","_tribe_rsvp_for_event":"","_tribe_ticket_going_count":"","_tribe_ticket_not_going_count":"","_tribe_tickets_list":"[]","_tribe_ticket_has_attendee_info_fields":false,"footnotes":"","_tec_slr_enabled":"","_tec_slr_layout":""},"class_list":["post-31089","page","type-page","status-publish","hentry"],"acf":[],"yoast_head":"<!-- This site is optimized with the Yoast SEO plugin v27.2 - https:\/\/yoast.com\/product\/yoast-seo-wordpress\/ -->\n<title>Programe una cita presencial o de telesalud en VNA Health Care<\/title>\n<meta name=\"description\" content=\"Su equipo m\u00e9dico de VNA est\u00e1 aqu\u00ed para satisfacer sus necesidades de atenci\u00f3n primaria. Programe una cita de telesalud o en un centro VNA cercano.\" \/>\n<meta name=\"robots\" content=\"index, follow, max-snippet:-1, max-image-preview:large, max-video-preview:-1\" \/>\n<link rel=\"canonical\" href=\"https:\/\/vnahealth.com\/es\/schedule\/\" \/>\n<meta property=\"og:locale\" content=\"es_ES\" \/>\n<meta property=\"og:type\" content=\"article\" \/>\n<meta property=\"og:title\" content=\"Programe una cita presencial o de telesalud en VNA Health Care\" \/>\n<meta property=\"og:description\" content=\"Su equipo m\u00e9dico de VNA est\u00e1 aqu\u00ed para satisfacer sus necesidades de atenci\u00f3n primaria. Programe una cita de telesalud o en un centro VNA cercano.\" \/>\n<meta property=\"og:url\" content=\"https:\/\/vnahealth.com\/es\/schedule\/\" \/>\n<meta property=\"og:site_name\" content=\"VNA Health Care\" \/>\n<meta property=\"article:modified_time\" content=\"2026-03-30T17:08:35+00:00\" \/>\n<meta name=\"twitter:card\" content=\"summary_large_image\" \/>\n<script type=\"application\/ld+json\" class=\"yoast-schema-graph\">{\"@context\":\"https:\/\/schema.org\",\"@graph\":[{\"@type\":\"WebPage\",\"@id\":\"https:\/\/vnahealth.com\/es\/schedule\/\",\"url\":\"https:\/\/vnahealth.com\/es\/schedule\/\",\"name\":\"Programe una cita presencial o de telesalud en VNA Health Care\",\"isPartOf\":{\"@id\":\"https:\/\/vnahealth.com\/es\/#website\"},\"datePublished\":\"2023-10-03T09:27:50+00:00\",\"dateModified\":\"2026-03-30T17:08:35+00:00\",\"description\":\"Su equipo m\u00e9dico de VNA est\u00e1 aqu\u00ed para satisfacer sus necesidades de atenci\u00f3n primaria. Programe una cita de telesalud o en un centro VNA cercano.\",\"breadcrumb\":{\"@id\":\"https:\/\/vnahealth.com\/es\/schedule\/#breadcrumb\"},\"inLanguage\":\"es\",\"potentialAction\":[{\"@type\":\"ReadAction\",\"target\":[\"https:\/\/vnahealth.com\/es\/schedule\/\"]}]},{\"@type\":\"BreadcrumbList\",\"@id\":\"https:\/\/vnahealth.com\/es\/schedule\/#breadcrumb\",\"itemListElement\":[{\"@type\":\"ListItem\",\"position\":1,\"name\":\"Home\",\"item\":\"https:\/\/vnahealth.com\/es\/\"},{\"@type\":\"ListItem\",\"position\":2,\"name\":\"Nuestros Servicios\",\"item\":\"https:\/\/vnahealth.com\/es\/services\/\"},{\"@type\":\"ListItem\",\"position\":3,\"name\":\"Reserve una cita\"}]},{\"@type\":\"WebSite\",\"@id\":\"https:\/\/vnahealth.com\/es\/#website\",\"url\":\"https:\/\/vnahealth.com\/es\/\",\"name\":\"VNA Health Care\",\"description\":\"\",\"publisher\":{\"@id\":\"https:\/\/vnahealth.com\/es\/#organization\"},\"potentialAction\":[{\"@type\":\"SearchAction\",\"target\":{\"@type\":\"EntryPoint\",\"urlTemplate\":\"https:\/\/vnahealth.com\/es\/?s={search_term_string}\"},\"query-input\":{\"@type\":\"PropertyValueSpecification\",\"valueRequired\":true,\"valueName\":\"search_term_string\"}}],\"inLanguage\":\"es\"},{\"@type\":\"Organization\",\"@id\":\"https:\/\/vnahealth.com\/es\/#organization\",\"name\":\"VNA Health Care\",\"url\":\"https:\/\/vnahealth.com\/es\/\",\"logo\":{\"@type\":\"ImageObject\",\"inLanguage\":\"es\",\"@id\":\"https:\/\/vnahealth.com\/es\/#\/schema\/logo\/image\/\",\"url\":\"https:\/\/vnahealth.com\/wp-content\/uploads\/2021\/12\/Logo.svg\",\"contentUrl\":\"https:\/\/vnahealth.com\/wp-content\/uploads\/2021\/12\/Logo.svg\",\"width\":218,\"height\":45,\"caption\":\"VNA Health Care\"},\"image\":{\"@id\":\"https:\/\/vnahealth.com\/es\/#\/schema\/logo\/image\/\"}}]}<\/script>\n<!-- \/ Yoast SEO plugin. -->","yoast_head_json":{"title":"Programe una cita presencial o de telesalud en VNA Health Care","description":"Su equipo m\u00e9dico de VNA est\u00e1 aqu\u00ed para satisfacer sus necesidades de atenci\u00f3n primaria. Programe una cita de telesalud o en un centro VNA cercano.","robots":{"index":"index","follow":"follow","max-snippet":"max-snippet:-1","max-image-preview":"max-image-preview:large","max-video-preview":"max-video-preview:-1"},"canonical":"https:\/\/vnahealth.com\/es\/schedule\/","og_locale":"es_ES","og_type":"article","og_title":"Programe una cita presencial o de telesalud en VNA Health Care","og_description":"Su equipo m\u00e9dico de VNA est\u00e1 aqu\u00ed para satisfacer sus necesidades de atenci\u00f3n primaria. Programe una cita de telesalud o en un centro VNA cercano.","og_url":"https:\/\/vnahealth.com\/es\/schedule\/","og_site_name":"VNA Health Care","article_modified_time":"2026-03-30T17:08:35+00:00","twitter_card":"summary_large_image","schema":{"@context":"https:\/\/schema.org","@graph":[{"@type":"WebPage","@id":"https:\/\/vnahealth.com\/es\/schedule\/","url":"https:\/\/vnahealth.com\/es\/schedule\/","name":"Programe una cita presencial o de telesalud en VNA Health Care","isPartOf":{"@id":"https:\/\/vnahealth.com\/es\/#website"},"datePublished":"2023-10-03T09:27:50+00:00","dateModified":"2026-03-30T17:08:35+00:00","description":"Su equipo m\u00e9dico de VNA est\u00e1 aqu\u00ed para satisfacer sus necesidades de atenci\u00f3n primaria. Programe una cita de telesalud o en un centro VNA cercano.","breadcrumb":{"@id":"https:\/\/vnahealth.com\/es\/schedule\/#breadcrumb"},"inLanguage":"es","potentialAction":[{"@type":"ReadAction","target":["https:\/\/vnahealth.com\/es\/schedule\/"]}]},{"@type":"BreadcrumbList","@id":"https:\/\/vnahealth.com\/es\/schedule\/#breadcrumb","itemListElement":[{"@type":"ListItem","position":1,"name":"Home","item":"https:\/\/vnahealth.com\/es\/"},{"@type":"ListItem","position":2,"name":"Nuestros Servicios","item":"https:\/\/vnahealth.com\/es\/services\/"},{"@type":"ListItem","position":3,"name":"Reserve una cita"}]},{"@type":"WebSite","@id":"https:\/\/vnahealth.com\/es\/#website","url":"https:\/\/vnahealth.com\/es\/","name":"VNA Health Care","description":"","publisher":{"@id":"https:\/\/vnahealth.com\/es\/#organization"},"potentialAction":[{"@type":"SearchAction","target":{"@type":"EntryPoint","urlTemplate":"https:\/\/vnahealth.com\/es\/?s={search_term_string}"},"query-input":{"@type":"PropertyValueSpecification","valueRequired":true,"valueName":"search_term_string"}}],"inLanguage":"es"},{"@type":"Organization","@id":"https:\/\/vnahealth.com\/es\/#organization","name":"VNA Health Care","url":"https:\/\/vnahealth.com\/es\/","logo":{"@type":"ImageObject","inLanguage":"es","@id":"https:\/\/vnahealth.com\/es\/#\/schema\/logo\/image\/","url":"https:\/\/vnahealth.com\/wp-content\/uploads\/2021\/12\/Logo.svg","contentUrl":"https:\/\/vnahealth.com\/wp-content\/uploads\/2021\/12\/Logo.svg","width":218,"height":45,"caption":"VNA Health Care"},"image":{"@id":"https:\/\/vnahealth.com\/es\/#\/schema\/logo\/image\/"}}]}},"ticketed":false,"_links":{"self":[{"href":"https:\/\/vnahealth.com\/es\/wp-json\/wp\/v2\/pages\/31089","targetHints":{"allow":["GET"]}}],"collection":[{"href":"https:\/\/vnahealth.com\/es\/wp-json\/wp\/v2\/pages"}],"about":[{"href":"https:\/\/vnahealth.com\/es\/wp-json\/wp\/v2\/types\/page"}],"author":[{"embeddable":true,"href":"https:\/\/vnahealth.com\/es\/wp-json\/wp\/v2\/users\/21"}],"replies":[{"embeddable":true,"href":"https:\/\/vnahealth.com\/es\/wp-json\/wp\/v2\/comments?post=31089"}],"version-history":[{"count":3,"href":"https:\/\/vnahealth.com\/es\/wp-json\/wp\/v2\/pages\/31089\/revisions"}],"predecessor-version":[{"id":38276,"href":"https:\/\/vnahealth.com\/es\/wp-json\/wp\/v2\/pages\/31089\/revisions\/38276"}],"wp:attachment":[{"href":"https:\/\/vnahealth.com\/es\/wp-json\/wp\/v2\/media?parent=31089"}],"curies":[{"name":"wp","href":"https:\/\/api.w.org\/{rel}","templated":true}]}}